{"id":6,"date":"2015-03-01T20:59:25","date_gmt":"2015-03-01T20:59:25","guid":{"rendered":"http:\/\/czekor.wordpress.com\/?page_id=1"},"modified":"2018-11-10T11:43:28","modified_gmt":"2018-11-10T11:43:28","slug":"about","status":"publish","type":"page","link":"https:\/\/czekorea.cz\/?page_id=6","title":{"rendered":"O mn\u011b"},"content":{"rendered":"<p>Jsem z Koreje ale nyn\u00ed bydl\u00edm v \u010cesk\u00e9 republice.<\/p>\n<p>U\u010d\u00edm se \u010desky \ud83d\ude42<\/p>\n","protected":false},"excerpt":{"rendered":"<p>Jsem z Koreje ale nyn\u00ed bydl\u00edm v \u010cesk\u00e9 republice. U\u010d\u00edm se \u010desky \ud83d\ude42<\/p>\n","protected":false},"author":1,"featured_media":0,"parent":0,"menu_order":0,"comment_status":"open","ping_status":"open","template":"","meta":{"footnotes":""},"class_list":["post-6","page","type-page","status-publish","hentry"],"_links":{"self":[{"href":"https:\/\/czekorea.cz\/index.php?rest_route=\/wp\/v2\/pages\/6","targetHints":{"allow":["GET"]}}],"collection":[{"href":"https:\/\/czekorea.cz\/index.php?rest_route=\/wp\/v2\/pages"}],"about":[{"href":"https:\/\/czekorea.cz\/index.php?rest_route=\/wp\/v2\/types\/page"}],"author":[{"embeddable":true,"href":"https:\/\/czekorea.cz\/index.php?rest_route=\/wp\/v2\/users\/1"}],"replies":[{"embeddable":true,"href":"https:\/\/czekorea.cz\/index.php?rest_route=%2Fwp%2Fv2%2Fcomments&post=6"}],"version-history":[{"count":25,"href":"https:\/\/czekorea.cz\/index.php?rest_route=\/wp\/v2\/pages\/6\/revisions"}],"predecessor-version":[{"id":2476,"href":"https:\/\/czekorea.cz\/index.php?rest_route=\/wp\/v2\/pages\/6\/revisions\/2476"}],"wp:attachment":[{"href":"https:\/\/czekorea.cz\/index.php?rest_route=%2Fwp%2Fv2%2Fmedia&parent=6"}],"curies":[{"name":"wp","href":"https:\/\/api.w.org\/{rel}","templated":true}]}}